{"id":7059,"date":"2025-09-10T07:50:32","date_gmt":"2025-09-10T07:50:32","guid":{"rendered":"https:\/\/skyfly.hu\/temp\/?page_id=7059"},"modified":"2025-09-24T14:46:25","modified_gmt":"2025-09-24T14:46:25","slug":"adatkezelesi-tajekoztato","status":"publish","type":"page","link":"https:\/\/skyfly.hu\/en\/adatkezelesi-tajekoztato\/","title":{"rendered":"Adatkezel\u00e9si t\u00e1j\u00e9koztat\u00f3"},"content":{"rendered":"\t\t<div data-elementor-type=\"wp-page\" data-elementor-id=\"7059\" class=\"elementor elementor-7059\">\n\t\t\t\t<div class=\"elementor-element elementor-element-3067017c e-flex e-con-boxed e-con e-parent\" data-id=\"3067017c\" data-element_type=\"container\">\n\t\t\t\t\t<div class=\"e-con-inner\">\n\t\t\t\t<div class=\"elementor-element elementor-element-5a34c645 elementor-widget elementor-widget-text-editor\" data-id=\"5a34c645\" data-element_type=\"widget\" data-widget_type=\"text-editor.default\">\n\t\t\t\t\t\t\t\t\t<p data-start=\"56\" data-end=\"364\">As the operator of the website <a class=\"decorated-link\" href=\"https:\/\/skyfly.hu\/en\/\" target=\"_new\" rel=\"noopener\" data-start=\"87\" data-end=\"133\">https:\/\/skyfly.hu\/en\/<\/a>, we place great importance on protecting the personal data of our visitors. Below, we provide detailed information on what data we collect, the purpose of processing it, and the rights you have regarding the handling of your data.<\/p><p data-start=\"366\" data-end=\"473\"><strong data-start=\"366\" data-end=\"385\">Data Controller<\/strong><br data-start=\"385\" data-end=\"388\" \/>The controller of your personal data is the website operator (hereinafter: Operator).<\/p><ul data-start=\"475\" data-end=\"610\"><li data-start=\"475\" data-end=\"518\"><p data-start=\"477\" data-end=\"518\"><strong data-start=\"477\" data-end=\"486\">Name:<\/strong> Zolt\u00e1n Harka, sole proprietor<\/p><\/li><li data-start=\"519\" data-end=\"578\"><p data-start=\"521\" data-end=\"578\"><strong data-start=\"521\" data-end=\"533\">Address:<\/strong> 9400 Sopron, Sz\u00e9pv\u00f6lgyi utca 10\/B, Hungary<\/p><\/li><li data-start=\"579\" data-end=\"610\"><p data-start=\"581\" data-end=\"610\"><strong data-start=\"581\" data-end=\"593\">Contact:<\/strong> <a class=\"decorated-link cursor-pointer\" rel=\"noopener\" data-start=\"594\" data-end=\"608\">info@skyfly.hu<\/a><\/p><\/li><\/ul><p data-start=\"612\" data-end=\"900\"><strong data-start=\"612\" data-end=\"642\">Purpose of Data Processing<\/strong><br data-start=\"642\" data-end=\"645\" \/>Using the contact form on the website allows you to send a message to the Operator. Data processing is solely aimed at receiving your inquiry, responding to it, and carrying out the necessary communication. The data will not be used for any other purpose.<\/p><p data-start=\"902\" data-end=\"1107\"><strong data-start=\"902\" data-end=\"937\">Legal Basis for Data Processing<\/strong><br data-start=\"937\" data-end=\"940\" \/>The legal basis for processing your data is Article 6(1)(b) of the GDPR, which allows processing when it is necessary to perform a contract or respond to your inquiry.<\/p><p data-start=\"1109\" data-end=\"1212\"><strong data-start=\"1109\" data-end=\"1136\">Scope of Processed Data<\/strong><br data-start=\"1136\" data-end=\"1139\" \/>When filling out the form, the following data is collected and processed:<\/p><ul data-start=\"1214\" data-end=\"1304\"><li data-start=\"1214\" data-end=\"1227\"><p data-start=\"1216\" data-end=\"1227\">Your name<\/p><\/li><li data-start=\"1228\" data-end=\"1250\"><p data-start=\"1230\" data-end=\"1250\">Your email address<\/p><\/li><li data-start=\"1251\" data-end=\"1272\"><p data-start=\"1253\" data-end=\"1272\">Your phone number<\/p><\/li><li data-start=\"1273\" data-end=\"1304\"><p data-start=\"1275\" data-end=\"1304\">The content of your message<\/p><\/li><\/ul><p data-start=\"1306\" data-end=\"1420\">These data are essential for us to contact you. No other personal data are requested or processed by the Operator.<\/p><p data-start=\"1422\" data-end=\"1649\"><strong data-start=\"1422\" data-end=\"1453\">Duration of Data Processing<\/strong><br data-start=\"1453\" data-end=\"1456\" \/>The Operator will retain your personal data only until the communication is completed, or for a maximum of six months. After this period, the data will be automatically deleted from the system.<\/p><p data-start=\"1651\" data-end=\"1890\"><strong data-start=\"1651\" data-end=\"1699\">Data Sharing and Processing by Third Parties<\/strong><br data-start=\"1699\" data-end=\"1702\" \/>The personal data you provide will not be shared with third parties, nor will an external service provider be used for data processing. The data are accessible exclusively to the Operator.<\/p><p data-start=\"1892\" data-end=\"2246\"><strong data-start=\"1892\" data-end=\"1919\">Rights of Data Subjects<\/strong><br data-start=\"1919\" data-end=\"1922\" \/>You have the right at any time to request information about which personal data we process and how. You are also entitled to request the correction, deletion, or restriction of data processing. Furthermore, you can object to the processing of your data and exercise your right to data portability where legally applicable.<\/p><p data-start=\"2248\" data-end=\"2446\">If you believe your personal data have been processed unlawfully, you have the right to lodge a complaint with the Hungarian National Authority for Data Protection and Freedom of Information (NAIH).<\/p><p data-start=\"2448\" data-end=\"2570\"><strong data-start=\"2448\" data-end=\"2459\">Contact<\/strong><br data-start=\"2459\" data-end=\"2462\" \/>For any questions or requests regarding data processing, please contact us at:<br data-start=\"2540\" data-end=\"2543\" \/><strong data-start=\"2543\" data-end=\"2553\">Email:<\/strong> <a class=\"decorated-link cursor-pointer\" rel=\"noopener\" data-start=\"2554\" data-end=\"2568\">info@skyfly.hu<\/a><\/p>\t\t\t\t\t\t\t\t<\/div>\n\t\t\t\t\t<\/div>\n\t\t\t\t<\/div>\n\t\t\t\t<\/div>\n\t\t","protected":false},"excerpt":{"rendered":"<p>As the operator of the website https:\/\/skyfly.hu\/en\/, we place great importance on protecting the personal data of our visitors. Below, we provide detailed information on what data we collect, the purpose of processing it, and the rights you have regarding the handling of your data. Data ControllerThe controller of your personal data is the website [&hellip;]<\/p>\n","protected":false},"author":1,"featured_media":0,"parent":0,"menu_order":0,"comment_status":"closed","ping_status":"closed","template":"","meta":{"pagelayer_contact_templates":[],"_pagelayer_content":"","footnotes":""},"class_list":["post-7059","page","type-page","status-publish","hentry"],"_links":{"self":[{"href":"https:\/\/skyfly.hu\/en\/wp-json\/wp\/v2\/pages\/7059","targetHints":{"allow":["GET"]}}],"collection":[{"href":"https:\/\/skyfly.hu\/en\/wp-json\/wp\/v2\/pages"}],"about":[{"href":"https:\/\/skyfly.hu\/en\/wp-json\/wp\/v2\/types\/page"}],"author":[{"embeddable":true,"href":"https:\/\/skyfly.hu\/en\/wp-json\/wp\/v2\/users\/1"}],"replies":[{"embeddable":true,"href":"https:\/\/skyfly.hu\/en\/wp-json\/wp\/v2\/comments?post=7059"}],"version-history":[{"count":9,"href":"https:\/\/skyfly.hu\/en\/wp-json\/wp\/v2\/pages\/7059\/revisions"}],"predecessor-version":[{"id":7337,"href":"https:\/\/skyfly.hu\/en\/wp-json\/wp\/v2\/pages\/7059\/revisions\/7337"}],"wp:attachment":[{"href":"https:\/\/skyfly.hu\/en\/wp-json\/wp\/v2\/media?parent=7059"}],"curies":[{"name":"wp","href":"https:\/\/api.w.org\/{rel}","templated":true}]}}